{"id":7389,"date":"2026-03-11T10:21:34","date_gmt":"2026-03-11T09:21:34","guid":{"rendered":"https:\/\/www.majorcagabicce.com\/ueber-uns\/"},"modified":"2026-03-18T16:48:09","modified_gmt":"2026-03-18T15:48:09","slug":"ueber-uns","status":"publish","type":"page","link":"https:\/\/www.majorcagabicce.com\/de\/ueber-uns\/","title":{"rendered":"\u00dcber uns"},"content":{"rendered":"\t\t<div data-elementor-type=\"wp-page\" data-elementor-id=\"7389\" class=\"elementor elementor-7389 elementor-7231\" data-elementor-post-type=\"page\">\n\t\t\t\t<div class=\"elementor-element elementor-element-32b5726 e-con-full slidertop e-flex e-con e-parent\" data-id=\"32b5726\" data-element_type=\"container\" data-e-type=\"container\">\n\t\t<div class=\"elementor-element elementor-element-9474813 e-con-full animated-fast e-flex elementor-invisible e-con e-child\" data-id=\"9474813\" data-element_type=\"container\" data-e-type=\"container\" data-settings=\"{&quot;animation&quot;:&quot;fadeIn&quot;,&quot;animation_delay&quot;:400,&quot;animation_mobile&quot;:&quot;none&quot;}\">\n\t\t\t\t<div class=\"elementor-element elementor-element-aa390a5 elementor-arrows-position-outside elementor--h-position-center elementor--v-position-middle elementor-widget elementor-widget-slides\" data-id=\"aa390a5\" data-element_type=\"widget\" data-e-type=\"widget\" data-settings=\"{&quot;navigation&quot;:&quot;arrows&quot;,&quot;autoplay_speed&quot;:4500,&quot;transition&quot;:&quot;fade&quot;,&quot;transition_speed&quot;:800,&quot;autoplay&quot;:&quot;yes&quot;,&quot;infinite&quot;:&quot;yes&quot;}\" data-widget_type=\"slides.default\">\n\t\t\t\t<div class=\"elementor-widget-container\">\n\t\t\t\t\t\t\t\t\t<div class=\"elementor-swiper\">\n\t\t\t\t\t<div class=\"elementor-slides-wrapper elementor-main-swiper swiper\" role=\"region\" aria-roledescription=\"carousel\" aria-label=\"Slides\" dir=\"ltr\" data-animation=\"fadeInUp\">\n\t\t\t\t<div class=\"swiper-wrapper elementor-slides\">\n\t\t\t\t\t\t\t\t\t\t<div class=\"elementor-repeater-item-25d8c35 swiper-slide\" role=\"group\" aria-roledescription=\"slide\"><div class=\"swiper-slide-bg elementor-ken-burns elementor-ken-burns--in\" role=\"img\" aria-label=\"chi-siamo01-majorcagabicce\"><\/div><div class=\"swiper-slide-inner\" ><div class=\"swiper-slide-contents\"><\/div><\/div><\/div>\t\t\t\t<\/div>\n\t\t\t\t\t\t\t<\/div>\n\t\t\t\t<\/div>\n\t\t\t\t\t\t\t\t<\/div>\n\t\t\t\t<\/div>\n\t\t\t\t<\/div>\n\t\t\t\t<\/div>\n\t\t<div class=\"elementor-element elementor-element-41ebcfa e-flex e-con-boxed e-con e-parent\" data-id=\"41ebcfa\" data-element_type=\"container\" data-e-type=\"container\" data-settings=\"{&quot;background_background&quot;:&quot;classic&quot;,&quot;animation_mobile&quot;:&quot;none&quot;}\">\n\t\t\t\t\t<div class=\"e-con-inner\">\n\t\t\t\t<div class=\"elementor-element elementor-element-f651580 elementor-widget elementor-widget-heading\" data-id=\"f651580\" data-element_type=\"widget\" data-e-type=\"widget\" data-settings=\"{&quot;motion_fx_motion_fx_scrolling&quot;:&quot;yes&quot;,&quot;motion_fx_translateY_effect&quot;:&quot;yes&quot;,&quot;motion_fx_translateY_direction&quot;:&quot;negative&quot;,&quot;motion_fx_translateY_speed&quot;:{&quot;unit&quot;:&quot;px&quot;,&quot;size&quot;:2,&quot;sizes&quot;:[]},&quot;motion_fx_translateY_affectedRange&quot;:{&quot;unit&quot;:&quot;%&quot;,&quot;size&quot;:&quot;&quot;,&quot;sizes&quot;:{&quot;start&quot;:0,&quot;end&quot;:85}},&quot;motion_fx_devices&quot;:[&quot;desktop&quot;,&quot;laptop&quot;,&quot;tablet&quot;]}\" data-widget_type=\"heading.default\">\n\t\t\t\t<div class=\"elementor-widget-container\">\n\t\t\t\t\t<h1 class=\"elementor-heading-title elementor-size-default\">\u00dcber uns<\/h1>\t\t\t\t<\/div>\n\t\t\t\t<\/div>\n\t\t\t\t<div class=\"elementor-element elementor-element-1726f73 elementor-widget elementor-widget-spacer\" data-id=\"1726f73\" data-element_type=\"widget\" data-e-type=\"widget\" data-widget_type=\"spacer.default\">\n\t\t\t\t<div class=\"elementor-widget-container\">\n\t\t\t\t\t\t\t<div class=\"elementor-spacer\">\n\t\t\t<div class=\"elementor-spacer-inner\"><\/div>\n\t\t<\/div>\n\t\t\t\t\t\t<\/div>\n\t\t\t\t<\/div>\n\t\t\t\t<div class=\"elementor-element elementor-element-a65d7fb elementor-widget elementor-widget-heading\" data-id=\"a65d7fb\" data-element_type=\"widget\" data-e-type=\"widget\" data-widget_type=\"heading.default\">\n\t\t\t\t<div class=\"elementor-widget-container\">\n\t\t\t\t\t<h2 class=\"elementor-heading-title elementor-size-default\">Unsere Geschichte, dein Zuhause<\/h2>\t\t\t\t<\/div>\n\t\t\t\t<\/div>\n\t\t\t\t<div class=\"elementor-element elementor-element-f825e06 elementor-widget elementor-widget-spacer\" data-id=\"f825e06\" data-element_type=\"widget\" data-e-type=\"widget\" data-widget_type=\"spacer.default\">\n\t\t\t\t<div class=\"elementor-widget-container\">\n\t\t\t\t\t\t\t<div class=\"elementor-spacer\">\n\t\t\t<div class=\"elementor-spacer-inner\"><\/div>\n\t\t<\/div>\n\t\t\t\t\t\t<\/div>\n\t\t\t\t<\/div>\n\t\t\t\t<div class=\"elementor-element elementor-element-f706dd5 elementor-widget elementor-widget-heading\" data-id=\"f706dd5\" data-element_type=\"widget\" data-e-type=\"widget\" data-widget_type=\"heading.default\">\n\t\t\t\t<div class=\"elementor-widget-container\">\n\t\t\t\t\t<h3 class=\"elementor-heading-title elementor-size-default\">Seit \u00fcber sechzig Jahren decken wir einen Platz am Tisch f\u00fcr dich<\/h3>\t\t\t\t<\/div>\n\t\t\t\t<\/div>\n\t\t\t\t<div class=\"elementor-element elementor-element-4acc66d elementor-widget elementor-widget-text-editor\" data-id=\"4acc66d\" data-element_type=\"widget\" data-e-type=\"widget\" data-widget_type=\"text-editor.default\">\n\t\t\t\t<div class=\"elementor-widget-container\">\n\t\t\t\t\t\t\t\t\t<p>Wir sind davon \u00fcberzeugt, dass <strong>Gastfreundschaft<\/strong> kein Beruf, sondern eine <strong>Lebensweise<\/strong> ist. Alles begann 1959 mit meinen <strong>Gro\u00dfeltern Bruna und Luigi<\/strong>: Das Hotel Majorca entstand aus ihren Opfern und dem unb\u00e4ndigen Wunsch, einen Ort zu schaffen, an dem die Menschen endlich Spa\u00df haben konnten.<\/p>\n\t\t\t\t\t\t\t\t<\/div>\n\t\t\t\t<\/div>\n\t\t\t\t\t<\/div>\n\t\t\t\t<\/div>\n\t\t<div class=\"elementor-element elementor-element-7180915 e-con-full e-flex e-con e-parent\" data-id=\"7180915\" data-element_type=\"container\" data-e-type=\"container\" data-settings=\"{&quot;background_background&quot;:&quot;classic&quot;}\">\n\t\t<div class=\"elementor-element elementor-element-56819df e-con-full e-flex elementor-invisible e-con e-child\" data-id=\"56819df\" data-element_type=\"container\" data-e-type=\"container\" data-settings=\"{&quot;animation&quot;:&quot;fadeIn&quot;,&quot;animation_mobile&quot;:&quot;none&quot;}\">\n\t\t<div class=\"elementor-element elementor-element-7dfedbe e-con-full e-flex e-con e-child\" data-id=\"7dfedbe\" data-element_type=\"container\" data-e-type=\"container\">\n\t\t<div class=\"elementor-element elementor-element-6e54569 e-con-full e-flex e-con e-child\" data-id=\"6e54569\" data-element_type=\"container\" data-e-type=\"container\">\n\t\t\t\t<div class=\"elementor-element elementor-element-db5bfd9 elementor-widget elementor-widget-image\" data-id=\"db5bfd9\" data-element_type=\"widget\" data-e-type=\"widget\" data-settings=\"{&quot;motion_fx_motion_fx_scrolling&quot;:&quot;yes&quot;,&quot;motion_fx_translateX_effect&quot;:&quot;yes&quot;,&quot;motion_fx_translateX_speed&quot;:{&quot;unit&quot;:&quot;px&quot;,&quot;size&quot;:2,&quot;sizes&quot;:[]},&quot;motion_fx_devices&quot;:[&quot;desktop&quot;,&quot;laptop&quot;],&quot;motion_fx_translateX_affectedRange&quot;:{&quot;unit&quot;:&quot;%&quot;,&quot;size&quot;:&quot;&quot;,&quot;sizes&quot;:{&quot;start&quot;:0,&quot;end&quot;:100}}}\" data-widget_type=\"image.default\">\n\t\t\t\t<div class=\"elementor-widget-container\">\n\t\t\t\t\t\t\t\t\t\t\t\t\t\t\t<img decoding=\"async\" src=\"https:\/\/www.majorcagabicce.com\/wp-content\/uploads\/elementor\/thumbs\/colazione08-majorcagabicce-scaled-qivjmnnzxr7se42nq8cqmtgcm0s2yk99t6vyi13274.webp\" title=\"colazione08-majorcagabicce\" alt=\"colazione08-majorcagabicce\" loading=\"lazy\" \/>\t\t\t\t\t\t\t\t\t\t\t\t\t\t\t<\/div>\n\t\t\t\t<\/div>\n\t\t\t\t<\/div>\n\t\t<div class=\"elementor-element elementor-element-c27a48e e-con-full e-flex e-con e-child\" data-id=\"c27a48e\" data-element_type=\"container\" data-e-type=\"container\" data-settings=\"{&quot;background_background&quot;:&quot;classic&quot;}\">\n\t\t\t\t<div class=\"elementor-element elementor-element-acc2076 elementor-widget elementor-widget-text-editor\" data-id=\"acc2076\" data-element_type=\"widget\" data-e-type=\"widget\" data-widget_type=\"text-editor.default\">\n\t\t\t\t<div class=\"elementor-widget-container\">\n\t\t\t\t\t\t\t\t\t<p>Ich bin <strong>Nancy<\/strong> und f\u00fchre diese Tradition gemeinsam mit meiner Mutter <strong>Rita<\/strong> fort. Ich bin hier aufgewachsen: Die Haust\u00fcr meines Hauses liegt direkt gegen\u00fcber der Hotelk\u00fcche.<\/p>\n<p>F\u00fcr mich bedeutet Gastfreundschaft nicht, ein Unternehmen zu f\u00fchren, sondern dich zu uns nach Hause einzuladen.<\/p>\n\t\t\t\t\t\t\t\t<\/div>\n\t\t\t\t<\/div>\n\t\t\t\t<\/div>\n\t\t\t\t<\/div>\n\t\t<div class=\"elementor-element elementor-element-6a17590 e-con-full e-flex e-con e-child\" data-id=\"6a17590\" data-element_type=\"container\" data-e-type=\"container\">\n\t\t<div class=\"elementor-element elementor-element-b381295 e-con-full e-flex e-con e-child\" data-id=\"b381295\" data-element_type=\"container\" data-e-type=\"container\">\n\t\t\t\t<div class=\"elementor-element elementor-element-7f08c97 elementor-widget elementor-widget-image\" data-id=\"7f08c97\" data-element_type=\"widget\" data-e-type=\"widget\" data-settings=\"{&quot;motion_fx_motion_fx_scrolling&quot;:&quot;yes&quot;,&quot;motion_fx_translateX_effect&quot;:&quot;yes&quot;,&quot;motion_fx_translateX_direction&quot;:&quot;negative&quot;,&quot;motion_fx_translateX_speed&quot;:{&quot;unit&quot;:&quot;px&quot;,&quot;size&quot;:1,&quot;sizes&quot;:[]},&quot;motion_fx_devices&quot;:[&quot;desktop&quot;,&quot;laptop&quot;],&quot;motion_fx_translateX_affectedRange&quot;:{&quot;unit&quot;:&quot;%&quot;,&quot;size&quot;:&quot;&quot;,&quot;sizes&quot;:{&quot;start&quot;:0,&quot;end&quot;:100}}}\" data-widget_type=\"image.default\">\n\t\t\t\t<div class=\"elementor-widget-container\">\n\t\t\t\t\t\t\t\t\t\t\t\t\t\t\t<img decoding=\"async\" src=\"https:\/\/www.majorcagabicce.com\/wp-content\/uploads\/elementor\/thumbs\/chi-siamo02-majorcagabicce-scaled-rkoqovsovl4fmjjl1kz5kqwq620rc9kjs4g3lh9o0w.webp\" title=\"chi-siamo02-majorcagabicce\" alt=\"chi-siamo02-majorcagabicce\" loading=\"lazy\" \/>\t\t\t\t\t\t\t\t\t\t\t\t\t\t\t<\/div>\n\t\t\t\t<\/div>\n\t\t\t\t<\/div>\n\t\t<div class=\"elementor-element elementor-element-0455ff9 e-con-full e-flex e-con e-child\" data-id=\"0455ff9\" data-element_type=\"container\" data-e-type=\"container\" data-settings=\"{&quot;background_background&quot;:&quot;classic&quot;}\">\n\t\t\t\t<div class=\"elementor-element elementor-element-8426b3f elementor-widget elementor-widget-text-editor\" data-id=\"8426b3f\" data-element_type=\"widget\" data-e-type=\"widget\" data-widget_type=\"text-editor.default\">\n\t\t\t\t<div class=\"elementor-widget-container\">\n\t\t\t\t\t\t\t\t\t<p>Bei uns findest du meinen Bruder <strong>Luigi<\/strong>, der uns immer unterst\u00fctzt, und meinen Partner <strong>Lorenzo<\/strong>, die Seele unseres Rooftop.<\/p>\n<p>Auch die Kleinsten der Familie geh\u00f6ren schon zum \u201eTeam\u201c und lernen spielerisch den sch\u00f6nsten Beruf der Welt \u2013 genau wie wir damals als Kinder, als wir auf Hocker kletterten, um an die Kaffeemaschine zu kommen.<\/p>\n\t\t\t\t\t\t\t\t<\/div>\n\t\t\t\t<\/div>\n\t\t\t\t<\/div>\n\t\t\t\t<\/div>\n\t\t\t\t<\/div>\n\t\t<div class=\"elementor-element elementor-element-8ff0e76 e-con-full e-flex elementor-invisible e-con e-child\" data-id=\"8ff0e76\" data-element_type=\"container\" data-e-type=\"container\" data-settings=\"{&quot;animation&quot;:&quot;fadeIn&quot;,&quot;animation_mobile&quot;:&quot;none&quot;}\">\n\t\t<div class=\"elementor-element elementor-element-8757b3e e-con-full e-flex e-con e-child\" data-id=\"8757b3e\" data-element_type=\"container\" data-e-type=\"container\">\n\t\t<div class=\"elementor-element elementor-element-66c5595 e-con-full e-flex e-con e-child\" data-id=\"66c5595\" data-element_type=\"container\" data-e-type=\"container\">\n\t\t\t\t<div class=\"elementor-element elementor-element-181a556 elementor-widget elementor-widget-image\" data-id=\"181a556\" data-element_type=\"widget\" data-e-type=\"widget\" data-settings=\"{&quot;motion_fx_motion_fx_scrolling&quot;:&quot;yes&quot;,&quot;motion_fx_translateX_effect&quot;:&quot;yes&quot;,&quot;motion_fx_translateX_speed&quot;:{&quot;unit&quot;:&quot;px&quot;,&quot;size&quot;:2,&quot;sizes&quot;:[]},&quot;motion_fx_devices&quot;:[&quot;desktop&quot;,&quot;laptop&quot;],&quot;motion_fx_translateX_affectedRange&quot;:{&quot;unit&quot;:&quot;%&quot;,&quot;size&quot;:&quot;&quot;,&quot;sizes&quot;:{&quot;start&quot;:0,&quot;end&quot;:100}}}\" data-widget_type=\"image.default\">\n\t\t\t\t<div class=\"elementor-widget-container\">\n\t\t\t\t\t\t\t\t\t\t\t\t\t\t\t<img decoding=\"async\" src=\"https:\/\/www.majorcagabicce.com\/wp-content\/uploads\/elementor\/thumbs\/chi-siamo03-majorcagabicce-scaled-rkoqoq5nqkwpovrryije5sbylqsk22y5rcj6pti128.webp\" title=\"chi-siamo03-majorcagabicce\" alt=\"chi-siamo03-majorcagabicce\" loading=\"lazy\" \/>\t\t\t\t\t\t\t\t\t\t\t\t\t\t\t<\/div>\n\t\t\t\t<\/div>\n\t\t\t\t<\/div>\n\t\t<div class=\"elementor-element elementor-element-0837f6a e-con-full e-flex e-con e-child\" data-id=\"0837f6a\" data-element_type=\"container\" data-e-type=\"container\" data-settings=\"{&quot;background_background&quot;:&quot;classic&quot;}\">\n\t\t\t\t<div class=\"elementor-element elementor-element-aba9180 elementor-widget elementor-widget-text-editor\" data-id=\"aba9180\" data-element_type=\"widget\" data-e-type=\"widget\" data-widget_type=\"text-editor.default\">\n\t\t\t\t<div class=\"elementor-widget-container\">\n\t\t\t\t\t\t\t\t\t<p>Wir sind \u201eimmer noch da\u201c, weil wir <strong>die Geschichten der Menschen lieben, die uns seit Generationen immer wieder besuchen<\/strong>. Um dir zu verdeutlichen, was es f\u00fcr uns bedeutet, dich bei uns willkommen zu hei\u00dfen, haben wir unsere Vision in diesem Versprechen zusammengefasst, das jede unserer Entscheidungen leitet:<\/p>\n\t\t\t\t\t\t\t\t<\/div>\n\t\t\t\t<\/div>\n\t\t\t\t<\/div>\n\t\t\t\t<\/div>\n\t\t\t\t<\/div>\n\t\t<div class=\"elementor-element elementor-element-f88ee99 e-flex e-con-boxed e-con e-child\" data-id=\"f88ee99\" data-element_type=\"container\" data-e-type=\"container\">\n\t\t\t\t\t<div class=\"e-con-inner\">\n\t\t<div class=\"elementor-element elementor-element-2ca5ad1 e-flex e-con-boxed e-con e-child\" data-id=\"2ca5ad1\" data-element_type=\"container\" data-e-type=\"container\">\n\t\t\t\t\t<div class=\"e-con-inner\">\n\t\t\t\t<div class=\"elementor-element elementor-element-9f3188b elementor-widget elementor-widget-heading\" data-id=\"9f3188b\" data-element_type=\"widget\" data-e-type=\"widget\" data-widget_type=\"heading.default\">\n\t\t\t\t<div class=\"elementor-widget-container\">\n\t\t\t\t\t<h5 class=\"elementor-heading-title elementor-size-default\">Unser Versprechen<\/h5>\t\t\t\t<\/div>\n\t\t\t\t<\/div>\n\t\t\t\t\t<\/div>\n\t\t\t\t<\/div>\n\t\t<div class=\"elementor-element elementor-element-af7ba35 e-con-full e-flex e-con e-child\" data-id=\"af7ba35\" data-element_type=\"container\" data-e-type=\"container\">\n\t\t\t\t<div class=\"elementor-element elementor-element-21cfa10 elementor-widget elementor-widget-text-editor\" data-id=\"21cfa10\" data-element_type=\"widget\" data-e-type=\"widget\" data-widget_type=\"text-editor.default\">\n\t\t\t\t<div class=\"elementor-widget-container\">\n\t\t\t\t\t\t\t\t\t<p>Wir versprechen dir authentische, einfache und au\u00dfergew\u00f6hnliche Momente, denn wir glauben, dass wahres Gl\u00fcck nicht in materiellen G\u00fctern liegt, sondern im Miteinander, in der Empathie und in den L\u00e4cheln, die im Herzen bleiben.<\/p>\n<p>Wir bieten dir keine Postkartenidylle, sondern Erlebnisse, die dich die entwaffnende Sch\u00f6nheit der Einfachheit wiederentdecken lassen.<\/p>\n<p><strong>Auch bei den Mahlzeiten: Wir haben uns daf\u00fcr entschieden, dem Rhythmus der Natur zu folgen, nicht dem der Industrie, und bieten dir Zutaten aus zertifiziertem Anbau, die von Menschen angebaut werden, die die Erde und die Jahreszeiten respektieren. Denn ein gutes Gericht muss fair sein: f\u00fcr dich, f\u00fcr die Umwelt und f\u00fcr die Menschen, die daran arbeiten.<\/strong><\/p>\n<p>In einer Welt, die viel zu schnelllebig ist, m\u00f6chten wir dich dazu einladen, einen Gang herunterzuschalten und die gemeinsame Zeit zu genie\u00dfen, um Erinnerungen zu schaffen, die du mit dir tr\u00e4gst und eines Tages mit deinen Liebsten teilen wirst.<\/p>\n<p>Denn heute Gl\u00fcck zu schenken bedeutet, die Welt morgen zu einem besseren Ort zu machen.<\/p>\n<p><strong>Willkommen im Hotel Majorca in Gabicce Mare: Hier wird Einfachheit zu etwas Au\u00dfergew\u00f6hnlichem, und jedes Gericht erz\u00e4hlt eine Geschichte.<\/strong><\/p>\n\t\t\t\t\t\t\t\t<\/div>\n\t\t\t\t<\/div>\n\t\t\t\t<\/div>\n\t\t\t\t\t<\/div>\n\t\t\t\t<\/div>\n\t\t\t\t<\/div>\n\t\t\t\t<\/div>\n\t\t","protected":false},"excerpt":{"rendered":"<p>\u00dcber uns Unsere Geschichte, dein Zuhause Seit \u00fcber sechzig Jahren decken wir einen Platz am Tisch f\u00fcr dich Wir sind davon \u00fcberzeugt, dass Gastfreundschaft kein Beruf, sondern eine Lebensweise ist. Alles begann 1959 mit meinen Gro\u00dfeltern Bruna und Luigi: Das Hotel Majorca entstand aus ihren Opfern und dem unb\u00e4ndigen Wunsch, einen Ort zu schaffen, an [&hellip;]<\/p>\n","protected":false},"author":2,"featured_media":0,"parent":0,"menu_order":0,"comment_status":"closed","ping_status":"closed","template":"","meta":{"_acf_changed":false,"footnotes":""},"class_list":["post-7389","page","type-page","status-publish","hentry"],"acf":[],"_links":{"self":[{"href":"https:\/\/www.majorcagabicce.com\/de\/wp-json\/wp\/v2\/pages\/7389","targetHints":{"allow":["GET"]}}],"collection":[{"href":"https:\/\/www.majorcagabicce.com\/de\/wp-json\/wp\/v2\/pages"}],"about":[{"href":"https:\/\/www.majorcagabicce.com\/de\/wp-json\/wp\/v2\/types\/page"}],"author":[{"embeddable":true,"href":"https:\/\/www.majorcagabicce.com\/de\/wp-json\/wp\/v2\/users\/2"}],"replies":[{"embeddable":true,"href":"https:\/\/www.majorcagabicce.com\/de\/wp-json\/wp\/v2\/comments?post=7389"}],"version-history":[{"count":1,"href":"https:\/\/www.majorcagabicce.com\/de\/wp-json\/wp\/v2\/pages\/7389\/revisions"}],"predecessor-version":[{"id":7390,"href":"https:\/\/www.majorcagabicce.com\/de\/wp-json\/wp\/v2\/pages\/7389\/revisions\/7390"}],"wp:attachment":[{"href":"https:\/\/www.majorcagabicce.com\/de\/wp-json\/wp\/v2\/media?parent=7389"}],"curies":[{"name":"wp","href":"https:\/\/api.w.org\/{rel}","templated":true}]}}