{"id":3337,"date":"2024-01-26T16:13:52","date_gmt":"2024-01-26T15:13:52","guid":{"rendered":"https:\/\/www.majorcagabicce.com\/am-strand\/"},"modified":"2024-10-11T10:27:41","modified_gmt":"2024-10-11T08:27:41","slug":"am-strand","status":"publish","type":"page","link":"https:\/\/www.majorcagabicce.com\/de\/am-strand\/","title":{"rendered":"Am Strand"},"content":{"rendered":"\t\t<div data-elementor-type=\"wp-page\" data-elementor-id=\"3337\" class=\"elementor elementor-3337 elementor-2878\" data-elementor-post-type=\"page\">\n\t\t\t\t<div class=\"elementor-element elementor-element-32b5726 e-con-full slidertop e-flex e-con e-parent\" data-id=\"32b5726\" data-element_type=\"container\" data-e-type=\"container\">\n\t\t<div class=\"elementor-element elementor-element-9474813 e-con-full animated-fast e-flex elementor-invisible e-con e-child\" data-id=\"9474813\" data-element_type=\"container\" data-e-type=\"container\" data-settings=\"{&quot;animation&quot;:&quot;fadeIn&quot;,&quot;animation_delay&quot;:400,&quot;animation_mobile&quot;:&quot;none&quot;}\">\n\t\t\t\t<div class=\"elementor-element elementor-element-aa390a5 elementor-arrows-position-outside elementor--h-position-center elementor--v-position-middle elementor-widget elementor-widget-slides\" data-id=\"aa390a5\" data-element_type=\"widget\" data-e-type=\"widget\" data-settings=\"{&quot;navigation&quot;:&quot;arrows&quot;,&quot;autoplay_speed&quot;:4500,&quot;transition&quot;:&quot;fade&quot;,&quot;transition_speed&quot;:800,&quot;autoplay&quot;:&quot;yes&quot;,&quot;infinite&quot;:&quot;yes&quot;}\" data-widget_type=\"slides.default\">\n\t\t\t\t<div class=\"elementor-widget-container\">\n\t\t\t\t\t\t\t\t\t<div class=\"elementor-swiper\">\n\t\t\t\t\t<div class=\"elementor-slides-wrapper elementor-main-swiper swiper\" role=\"region\" aria-roledescription=\"carousel\" aria-label=\"Slider\" dir=\"ltr\" data-animation=\"fadeInUp\">\n\t\t\t\t<div class=\"swiper-wrapper elementor-slides\">\n\t\t\t\t\t\t\t\t\t\t<div class=\"elementor-repeater-item-25d8c35 swiper-slide\" role=\"group\" aria-roledescription=\"slide\"><div class=\"swiper-slide-bg elementor-ken-burns elementor-ken-burns--in\" role=\"img\" aria-label=\"gabicce01-majorcagabicce\"><\/div><div class=\"swiper-slide-inner\" ><div class=\"swiper-slide-contents\"><\/div><\/div><\/div>\t\t\t\t<\/div>\n\t\t\t\t\t\t\t<\/div>\n\t\t\t\t<\/div>\n\t\t\t\t\t\t\t\t<\/div>\n\t\t\t\t<\/div>\n\t\t\t\t<\/div>\n\t\t\t\t<\/div>\n\t\t<div class=\"elementor-element elementor-element-41ebcfa e-flex e-con-boxed e-con e-parent\" data-id=\"41ebcfa\" data-element_type=\"container\" data-e-type=\"container\" data-settings=\"{&quot;background_background&quot;:&quot;classic&quot;,&quot;animation_mobile&quot;:&quot;none&quot;}\">\n\t\t\t\t\t<div class=\"e-con-inner\">\n\t\t\t\t<div class=\"elementor-element elementor-element-f651580 elementor-widget elementor-widget-heading\" data-id=\"f651580\" data-element_type=\"widget\" data-e-type=\"widget\" data-settings=\"{&quot;motion_fx_motion_fx_scrolling&quot;:&quot;yes&quot;,&quot;motion_fx_translateY_effect&quot;:&quot;yes&quot;,&quot;motion_fx_translateY_direction&quot;:&quot;negative&quot;,&quot;motion_fx_translateY_speed&quot;:{&quot;unit&quot;:&quot;px&quot;,&quot;size&quot;:2,&quot;sizes&quot;:[]},&quot;motion_fx_translateY_affectedRange&quot;:{&quot;unit&quot;:&quot;%&quot;,&quot;size&quot;:&quot;&quot;,&quot;sizes&quot;:{&quot;start&quot;:0,&quot;end&quot;:85}},&quot;motion_fx_devices&quot;:[&quot;desktop&quot;,&quot;laptop&quot;,&quot;tablet&quot;]}\" data-widget_type=\"heading.default\">\n\t\t\t\t<div class=\"elementor-widget-container\">\n\t\t\t\t\t<h1 class=\"elementor-heading-title elementor-size-default\">Entspannung am Strand<\/h1>\t\t\t\t<\/div>\n\t\t\t\t<\/div>\n\t\t\t\t<div class=\"elementor-element elementor-element-1726f73 elementor-widget elementor-widget-spacer\" data-id=\"1726f73\" data-element_type=\"widget\" data-e-type=\"widget\" data-widget_type=\"spacer.default\">\n\t\t\t\t<div class=\"elementor-widget-container\">\n\t\t\t\t\t\t\t<div class=\"elementor-spacer\">\n\t\t\t<div class=\"elementor-spacer-inner\"><\/div>\n\t\t<\/div>\n\t\t\t\t\t\t<\/div>\n\t\t\t\t<\/div>\n\t\t\t\t<div class=\"elementor-element elementor-element-a65d7fb elementor-widget elementor-widget-heading\" data-id=\"a65d7fb\" data-element_type=\"widget\" data-e-type=\"widget\" data-widget_type=\"heading.default\">\n\t\t\t\t<div class=\"elementor-widget-container\">\n\t\t\t\t\t<h2 class=\"elementor-heading-title elementor-size-default\">Die ganze Sch\u00f6nheit der Adria entdecken <\/h2>\t\t\t\t<\/div>\n\t\t\t\t<\/div>\n\t\t\t\t<div class=\"elementor-element elementor-element-4acc66d elementor-widget elementor-widget-text-editor\" data-id=\"4acc66d\" data-element_type=\"widget\" data-e-type=\"widget\" data-widget_type=\"text-editor.default\">\n\t\t\t\t<div class=\"elementor-widget-container\">\n\t\t\t\t\t\t\t\t\t<p>Die Str\u00e4nde von Gabicce sind ber\u00fchmt f\u00fcr ihre Sch\u00f6nheit, f\u00fcr den <strong>feinen Sand und die Felsen<\/strong>, f\u00fcr das <strong>kristallklare Wasser<\/strong> und f\u00fcr die Sicherheit, die der <strong>sanft abfallende Meersboden<\/strong> bietet. Umgeben von unber\u00fchrter Natur, aber mit allem Komfort ausgestattet, geh\u00f6ren sie zu den <strong>beliebtesten der Adriak\u00fcste<\/strong>.<\/p>\n<p>Ein idealer Ort f\u00fcr alle, die das Meer lieben und es in vollen Z\u00fcgen genie\u00dfen m\u00f6chten.<\/p>\n\t\t\t\t\t\t\t\t<\/div>\n\t\t\t\t<\/div>\n\t\t\t\t\t<\/div>\n\t\t\t\t<\/div>\n\t\t<div class=\"elementor-element elementor-element-7180915 e-con-full e-flex e-con e-parent\" data-id=\"7180915\" data-element_type=\"container\" data-e-type=\"container\" data-settings=\"{&quot;background_background&quot;:&quot;classic&quot;}\">\n\t\t<div class=\"elementor-element elementor-element-56819df e-con-full e-flex elementor-invisible e-con e-child\" data-id=\"56819df\" data-element_type=\"container\" data-e-type=\"container\" data-settings=\"{&quot;background_background&quot;:&quot;classic&quot;,&quot;animation&quot;:&quot;fadeIn&quot;,&quot;animation_mobile&quot;:&quot;none&quot;}\">\n\t\t<div class=\"elementor-element elementor-element-7dfedbe e-con-full e-flex e-con e-child\" data-id=\"7dfedbe\" data-element_type=\"container\" data-e-type=\"container\">\n\t\t<div class=\"elementor-element elementor-element-6e54569 e-con-full e-flex e-con e-child\" data-id=\"6e54569\" data-element_type=\"container\" data-e-type=\"container\">\n\t\t\t\t<div class=\"elementor-element elementor-element-c4941cf elementor-widget elementor-widget-image\" data-id=\"c4941cf\" data-element_type=\"widget\" data-e-type=\"widget\" data-settings=\"{&quot;motion_fx_motion_fx_scrolling&quot;:&quot;yes&quot;,&quot;motion_fx_translateX_effect&quot;:&quot;yes&quot;,&quot;motion_fx_translateX_speed&quot;:{&quot;unit&quot;:&quot;px&quot;,&quot;size&quot;:2,&quot;sizes&quot;:[]},&quot;motion_fx_devices&quot;:[&quot;desktop&quot;,&quot;laptop&quot;],&quot;motion_fx_translateX_affectedRange&quot;:{&quot;unit&quot;:&quot;%&quot;,&quot;size&quot;:&quot;&quot;,&quot;sizes&quot;:{&quot;start&quot;:0,&quot;end&quot;:100}}}\" data-widget_type=\"image.default\">\n\t\t\t\t<div class=\"elementor-widget-container\">\n\t\t\t\t\t\t\t\t\t\t\t\t\t\t\t<img decoding=\"async\" src=\"https:\/\/www.majorcagabicce.com\/wp-content\/uploads\/elementor\/thumbs\/servizi09-majorcagabicce-scaled-qivqqggttndxxuid1awporn8dxz2p8rkna7x5vt2w0.webp\" title=\"servizi09-majorcagabicce\" alt=\"servizi09-majorcagabicce\" loading=\"lazy\" \/>\t\t\t\t\t\t\t\t\t\t\t\t\t\t\t<\/div>\n\t\t\t\t<\/div>\n\t\t\t\t<\/div>\n\t\t<div class=\"elementor-element elementor-element-c27a48e e-con-full e-flex e-con e-child\" data-id=\"c27a48e\" data-element_type=\"container\" data-e-type=\"container\" data-settings=\"{&quot;background_background&quot;:&quot;classic&quot;}\">\n\t\t\t\t<div class=\"elementor-element elementor-element-c2d8c22 elementor-widget elementor-widget-heading\" data-id=\"c2d8c22\" data-element_type=\"widget\" data-e-type=\"widget\" data-widget_type=\"heading.default\">\n\t\t\t\t<div class=\"elementor-widget-container\">\n\t\t\t\t\t<h5 class=\"elementor-heading-title elementor-size-default\">Telodir\u00f2 Beach <\/h5>\t\t\t\t<\/div>\n\t\t\t\t<\/div>\n\t\t\t\t<div class=\"elementor-element elementor-element-acc2076 elementor-widget elementor-widget-text-editor\" data-id=\"acc2076\" data-element_type=\"widget\" data-e-type=\"widget\" data-widget_type=\"text-editor.default\">\n\t\t\t\t<div class=\"elementor-widget-container\">\n\t\t\t\t\t\t\t\t\t<p>Wenn Sie sich f\u00fcr das<strong> All-Inclusive-Paket<\/strong> entscheiden und direkt buchen, sind ein <strong>Sonnenschirm und zwei Liegest\u00fchle<\/strong> am Telodir\u00f2 Beach, <strong>3 Gehminuten vom Hotel<\/strong> entfernt, im Preis inbegriffen. Das Strandbad bietet Animation, Baby- und Miniclub, Baby Dance und gro\u00dfe, <strong>sichere Spielbereiche f\u00fcr die Kleinen<\/strong>, w\u00e4hrend die Erwachsenen bei Volleyballturnieren, Boccia, Kartenspielen, Wassergymnastik und vielem mehr auf ihre Kosten kommen.<\/p>\n<p>Viel Spa\u00df und vergessen Sie nicht, viele Selfies zu machen&#8230; Unter Ihrem <strong>Sonnenschirm gibt es sogar WLAN!<\/strong><\/p>\n\t\t\t\t\t\t\t\t<\/div>\n\t\t\t\t<\/div>\n\t\t\t\t<\/div>\n\t\t\t\t<\/div>\n\t\t<div class=\"elementor-element elementor-element-6a17590 e-con-full e-flex e-con e-child\" data-id=\"6a17590\" data-element_type=\"container\" data-e-type=\"container\">\n\t\t<div class=\"elementor-element elementor-element-b381295 e-con-full e-flex e-con e-child\" data-id=\"b381295\" data-element_type=\"container\" data-e-type=\"container\">\n\t\t\t\t<div class=\"elementor-element elementor-element-7694e2e elementor-widget elementor-widget-image\" data-id=\"7694e2e\" data-element_type=\"widget\" data-e-type=\"widget\" data-settings=\"{&quot;motion_fx_motion_fx_scrolling&quot;:&quot;yes&quot;,&quot;motion_fx_translateX_effect&quot;:&quot;yes&quot;,&quot;motion_fx_translateX_direction&quot;:&quot;negative&quot;,&quot;motion_fx_translateX_speed&quot;:{&quot;unit&quot;:&quot;px&quot;,&quot;size&quot;:1,&quot;sizes&quot;:[]},&quot;motion_fx_devices&quot;:[&quot;desktop&quot;,&quot;laptop&quot;],&quot;motion_fx_translateX_affectedRange&quot;:{&quot;unit&quot;:&quot;%&quot;,&quot;size&quot;:&quot;&quot;,&quot;sizes&quot;:{&quot;start&quot;:0,&quot;end&quot;:100}}}\" data-widget_type=\"image.default\">\n\t\t\t\t<div class=\"elementor-widget-container\">\n\t\t\t\t\t\t\t\t\t\t\t\t\t\t\t<img decoding=\"async\" src=\"https:\/\/www.majorcagabicce.com\/wp-content\/uploads\/elementor\/thumbs\/servizi22-majorcagabicce-scaled-qivulexw5xlyaknzmd97apadul2imef1r2618hrv1c.webp\" title=\"servizi22-majorcagabicce\" alt=\"servizi22-majorcagabicce\" loading=\"lazy\" \/>\t\t\t\t\t\t\t\t\t\t\t\t\t\t\t<\/div>\n\t\t\t\t<\/div>\n\t\t\t\t<\/div>\n\t\t<div class=\"elementor-element elementor-element-0455ff9 e-con-full e-flex e-con e-child\" data-id=\"0455ff9\" data-element_type=\"container\" data-e-type=\"container\" data-settings=\"{&quot;background_background&quot;:&quot;classic&quot;}\">\n\t\t\t\t<div class=\"elementor-element elementor-element-1036839 elementor-widget elementor-widget-heading\" data-id=\"1036839\" data-element_type=\"widget\" data-e-type=\"widget\" data-widget_type=\"heading.default\">\n\t\t\t\t<div class=\"elementor-widget-container\">\n\t\t\t\t\t<h5 class=\"elementor-heading-title elementor-size-default\">Baia Vallugola<\/h5>\t\t\t\t<\/div>\n\t\t\t\t<\/div>\n\t\t\t\t<div class=\"elementor-element elementor-element-8426b3f elementor-widget elementor-widget-text-editor\" data-id=\"8426b3f\" data-element_type=\"widget\" data-e-type=\"widget\" data-widget_type=\"text-editor.default\">\n\t\t\t\t<div class=\"elementor-widget-container\">\n\t\t\t\t\t\t\t\t\t<p>Stellen Sie sich eine bezaubernde und ruhige Atmosph\u00e4re vor, in der die Sonne das <strong>kristallklare Wasser<\/strong> streichelt und die Boote ruhig im Hafen tanzen. Wir sind sicher, dass Sie diesen <strong>Kiesstrand<\/strong>, der nur <strong>10 Autominuten<\/strong> von Gabicce <strong>entfernt<\/strong> ist, lieben werden und dass Sie sich von den alten Legenden dieses Ortes \u00fcberraschen lassen werden, die von einer kleinen versunkenen Antarktis erz\u00e4hlen.<\/p>\n\t\t\t\t\t\t\t\t<\/div>\n\t\t\t\t<\/div>\n\t\t\t\t<\/div>\n\t\t\t\t<\/div>\n\t\t\t\t<\/div>\n\t\t<div class=\"elementor-element elementor-element-ef338be e-con-full e-flex elementor-invisible e-con e-child\" data-id=\"ef338be\" data-element_type=\"container\" data-e-type=\"container\" data-settings=\"{&quot;background_background&quot;:&quot;classic&quot;,&quot;animation&quot;:&quot;fadeIn&quot;,&quot;animation_mobile&quot;:&quot;none&quot;}\">\n\t\t<div class=\"elementor-element elementor-element-8112efa e-con-full e-flex e-con e-child\" data-id=\"8112efa\" data-element_type=\"container\" data-e-type=\"container\">\n\t\t<div class=\"elementor-element elementor-element-9d258de e-con-full e-flex e-con e-child\" data-id=\"9d258de\" data-element_type=\"container\" data-e-type=\"container\">\n\t\t\t\t<div class=\"elementor-element elementor-element-d449bea elementor-widget elementor-widget-image\" data-id=\"d449bea\" data-element_type=\"widget\" data-e-type=\"widget\" data-settings=\"{&quot;motion_fx_motion_fx_scrolling&quot;:&quot;yes&quot;,&quot;motion_fx_translateX_effect&quot;:&quot;yes&quot;,&quot;motion_fx_translateX_speed&quot;:{&quot;unit&quot;:&quot;px&quot;,&quot;size&quot;:1,&quot;sizes&quot;:[]},&quot;motion_fx_translateX_direction&quot;:&quot;negative&quot;,&quot;motion_fx_devices&quot;:[&quot;desktop&quot;,&quot;laptop&quot;],&quot;motion_fx_translateX_affectedRange&quot;:{&quot;unit&quot;:&quot;%&quot;,&quot;size&quot;:&quot;&quot;,&quot;sizes&quot;:{&quot;start&quot;:0,&quot;end&quot;:100}}}\" data-widget_type=\"image.default\">\n\t\t\t\t<div class=\"elementor-widget-container\">\n\t\t\t\t\t\t\t\t\t\t\t\t\t\t\t<img decoding=\"async\" src=\"https:\/\/www.majorcagabicce.com\/wp-content\/uploads\/elementor\/thumbs\/servizi23-majorcagabicce-scaled-qivup5ctb8pyet8qthcup9dasoo0748nxjggv28kbk.webp\" title=\"servizi23-majorcagabicce\" alt=\"servizi23-majorcagabicce\" loading=\"lazy\" \/>\t\t\t\t\t\t\t\t\t\t\t\t\t\t\t<\/div>\n\t\t\t\t<\/div>\n\t\t\t\t<\/div>\n\t\t<div class=\"elementor-element elementor-element-6c64f1f e-con-full e-flex e-con e-child\" data-id=\"6c64f1f\" data-element_type=\"container\" data-e-type=\"container\" data-settings=\"{&quot;background_background&quot;:&quot;classic&quot;}\">\n\t\t\t\t<div class=\"elementor-element elementor-element-e09a020 elementor-widget elementor-widget-heading\" data-id=\"e09a020\" data-element_type=\"widget\" data-e-type=\"widget\" data-widget_type=\"heading.default\">\n\t\t\t\t<div class=\"elementor-widget-container\">\n\t\t\t\t\t<h5 class=\"elementor-heading-title elementor-size-default\">Fiorenzuola di Focara<\/h5>\t\t\t\t<\/div>\n\t\t\t\t<\/div>\n\t\t\t\t<div class=\"elementor-element elementor-element-e27d94d elementor-widget elementor-widget-text-editor\" data-id=\"e27d94d\" data-element_type=\"widget\" data-e-type=\"widget\" data-widget_type=\"text-editor.default\">\n\t\t\t\t<div class=\"elementor-widget-container\">\n\t\t\t\t\t\t\t\t\t<p>Der <strong>kleine, zauberhafte Strand<\/strong> von Fiorenzuola di Focara, <strong>15 Autominuten<\/strong> von Gabicce <strong>entfernt<\/strong>, ist Natur pur. <strong>Umgeben vom \u00fcppigen Gr\u00fcn<\/strong> des Naturparks Monte San Bartolo bietet er eine <strong>einzigartige Erfahrung von Ruhe und Sch\u00f6nheit<\/strong>. Hier scheint die Zeit still zu stehen. Hier k\u00f6nnen Sie sich entspannen und einen Tag lang die Umgebung erkunden.<\/p>\n\t\t\t\t\t\t\t\t<\/div>\n\t\t\t\t<\/div>\n\t\t\t\t<\/div>\n\t\t\t\t<\/div>\n\t\t\t\t<\/div>\n\t\t<div class=\"elementor-element elementor-element-f88ee99 e-flex e-con-boxed e-con e-child\" data-id=\"f88ee99\" data-element_type=\"container\" data-e-type=\"container\">\n\t\t\t\t\t<div class=\"e-con-inner\">\n\t\t\t\t<div class=\"elementor-element elementor-element-9f3188b elementor-widget elementor-widget-heading\" data-id=\"9f3188b\" data-element_type=\"widget\" data-e-type=\"widget\" data-widget_type=\"heading.default\">\n\t\t\t\t<div class=\"elementor-widget-container\">\n\t\t\t\t\t<h5 class=\"elementor-heading-title elementor-size-default\">M\u00f6chten Sie Ihren n\u00e4chsten Urlaub in einem 3-Sterne-Hotel in Gabicce Mare verbringen?<\/h5>\t\t\t\t<\/div>\n\t\t\t\t<\/div>\n\t\t\t\t<div class=\"elementor-element elementor-element-c0e7ec3 elementor-widget elementor-widget-spacer\" data-id=\"c0e7ec3\" data-element_type=\"widget\" data-e-type=\"widget\" data-widget_type=\"spacer.default\">\n\t\t\t\t<div class=\"elementor-widget-container\">\n\t\t\t\t\t\t\t<div class=\"elementor-spacer\">\n\t\t\t<div class=\"elementor-spacer-inner\"><\/div>\n\t\t<\/div>\n\t\t\t\t\t\t<\/div>\n\t\t\t\t<\/div>\n\t\t\t\t<div class=\"elementor-element elementor-element-f482a76 elementor-align-center elementor-widget elementor-widget-button\" data-id=\"f482a76\" data-element_type=\"widget\" data-e-type=\"widget\" data-widget_type=\"button.default\">\n\t\t\t\t<div class=\"elementor-widget-container\">\n\t\t\t\t\t\t\t\t\t<div class=\"elementor-button-wrapper\">\n\t\t\t\t\t<a class=\"elementor-button elementor-button-link elementor-size-lg elementor-animation-grow\" href=\"\/de\/sonderangebote\/\">\n\t\t\t\t\t\t<span class=\"elementor-button-content-wrapper\">\n\t\t\t\t\t\t\t\t\t<span class=\"elementor-button-text\">Entdecken Sie unsere attraktiven Angebote<\/span>\n\t\t\t\t\t<\/span>\n\t\t\t\t\t<\/a>\n\t\t\t\t<\/div>\n\t\t\t\t\t\t\t\t<\/div>\n\t\t\t\t<\/div>\n\t\t\t\t\t<\/div>\n\t\t\t\t<\/div>\n\t\t\t\t<\/div>\n\t\t\t\t<\/div>\n\t\t","protected":false},"excerpt":{"rendered":"<p>Entspannung am Strand Die ganze Sch\u00f6nheit der Adria entdecken Die Str\u00e4nde von Gabicce sind ber\u00fchmt f\u00fcr ihre Sch\u00f6nheit, f\u00fcr den feinen Sand und die Felsen, f\u00fcr das kristallklare Wasser und f\u00fcr die Sicherheit, die der sanft abfallende Meersboden bietet. Umgeben von unber\u00fchrter Natur, aber mit allem Komfort ausgestattet, geh\u00f6ren sie zu den beliebtesten der Adriak\u00fcste. [&hellip;]<\/p>\n","protected":false},"author":2,"featured_media":0,"parent":0,"menu_order":0,"comment_status":"closed","ping_status":"closed","template":"","meta":{"_acf_changed":false,"footnotes":""},"class_list":["post-3337","page","type-page","status-publish","hentry"],"acf":[],"_links":{"self":[{"href":"https:\/\/www.majorcagabicce.com\/de\/wp-json\/wp\/v2\/pages\/3337","targetHints":{"allow":["GET"]}}],"collection":[{"href":"https:\/\/www.majorcagabicce.com\/de\/wp-json\/wp\/v2\/pages"}],"about":[{"href":"https:\/\/www.majorcagabicce.com\/de\/wp-json\/wp\/v2\/types\/page"}],"author":[{"embeddable":true,"href":"https:\/\/www.majorcagabicce.com\/de\/wp-json\/wp\/v2\/users\/2"}],"replies":[{"embeddable":true,"href":"https:\/\/www.majorcagabicce.com\/de\/wp-json\/wp\/v2\/comments?post=3337"}],"version-history":[{"count":3,"href":"https:\/\/www.majorcagabicce.com\/de\/wp-json\/wp\/v2\/pages\/3337\/revisions"}],"predecessor-version":[{"id":4432,"href":"https:\/\/www.majorcagabicce.com\/de\/wp-json\/wp\/v2\/pages\/3337\/revisions\/4432"}],"wp:attachment":[{"href":"https:\/\/www.majorcagabicce.com\/de\/wp-json\/wp\/v2\/media?parent=3337"}],"curies":[{"name":"wp","href":"https:\/\/api.w.org\/{rel}","templated":true}]}}