{"id":3266,"date":"2024-01-26T17:07:02","date_gmt":"2024-01-26T16:07:02","guid":{"rendered":"https:\/\/www.majorcagabicce.com\/mit-weiteren-dienstleistungen\/"},"modified":"2024-02-16T17:19:44","modified_gmt":"2024-02-16T16:19:44","slug":"mit-weiteren-dienstleistungen","status":"publish","type":"page","link":"https:\/\/www.majorcagabicce.com\/de\/mit-weiteren-dienstleistungen\/","title":{"rendered":"Mit weiteren Dienstleistungen"},"content":{"rendered":"\t\t<div data-elementor-type=\"wp-page\" data-elementor-id=\"3266\" class=\"elementor elementor-3266 elementor-2935\" data-elementor-post-type=\"page\">\n\t\t\t\t<div class=\"elementor-element elementor-element-41ebcfa e-flex e-con-boxed e-con e-parent\" data-id=\"41ebcfa\" data-element_type=\"container\" data-e-type=\"container\" data-settings=\"{&quot;background_background&quot;:&quot;classic&quot;,&quot;animation_mobile&quot;:&quot;none&quot;}\">\n\t\t\t\t\t<div class=\"e-con-inner\">\n\t\t\t\t<div class=\"elementor-element elementor-element-f651580 elementor-widget elementor-widget-heading\" data-id=\"f651580\" data-element_type=\"widget\" data-e-type=\"widget\" data-widget_type=\"heading.default\">\n\t\t\t\t<div class=\"elementor-widget-container\">\n\t\t\t\t\t<h1 class=\"elementor-heading-title elementor-size-default\">Dienstleistungen<\/h1>\t\t\t\t<\/div>\n\t\t\t\t<\/div>\n\t\t\t\t<div class=\"elementor-element elementor-element-1726f73 elementor-widget elementor-widget-spacer\" data-id=\"1726f73\" data-element_type=\"widget\" data-e-type=\"widget\" data-widget_type=\"spacer.default\">\n\t\t\t\t<div class=\"elementor-widget-container\">\n\t\t\t\t\t\t\t<div class=\"elementor-spacer\">\n\t\t\t<div class=\"elementor-spacer-inner\"><\/div>\n\t\t<\/div>\n\t\t\t\t\t\t<\/div>\n\t\t\t\t<\/div>\n\t\t\t\t<div class=\"elementor-element elementor-element-a65d7fb elementor-widget elementor-widget-heading\" data-id=\"a65d7fb\" data-element_type=\"widget\" data-e-type=\"widget\" data-widget_type=\"heading.default\">\n\t\t\t\t<div class=\"elementor-widget-container\">\n\t\t\t\t\t<h2 class=\"elementor-heading-title elementor-size-default\">.. weil wir Sie gerne verw\u00f6hnen!<\/h2>\t\t\t\t<\/div>\n\t\t\t\t<\/div>\n\t\t\t\t<div class=\"elementor-element elementor-element-81b8d08 elementor-widget elementor-widget-text-editor\" data-id=\"81b8d08\" data-element_type=\"widget\" data-e-type=\"widget\" data-widget_type=\"text-editor.default\">\n\t\t\t\t<div class=\"elementor-widget-container\">\n\t\t\t\t\t\t\t\t\t<p>Es w\u00e4re vermessen zu behaupten, dass es hier an nichts fehlt, aber wir geben jeden Tag unser Bestes, um Ihnen einen <strong>komfortablen und besonderen Service<\/strong> zu bieten, der Ihren Urlaub am Meer zu einem unvergesslichen Erlebnis macht.<\/p>\n<p>Im Folgenden finden Sie einige der Verw\u00f6hnangebote, die wir f\u00fcr unsere G\u00e4ste bereithalten.<\/p>\n\t\t\t\t\t\t\t\t<\/div>\n\t\t\t\t<\/div>\n\t\t\t\t\t<\/div>\n\t\t\t\t<\/div>\n\t\t<div class=\"elementor-element elementor-element-7180915 e-flex e-con-boxed e-con e-parent\" data-id=\"7180915\" data-element_type=\"container\" data-e-type=\"container\" data-settings=\"{&quot;background_background&quot;:&quot;classic&quot;}\">\n\t\t\t\t\t<div class=\"e-con-inner\">\n\t\t<div class=\"elementor-element elementor-element-6f10bdb e-con-full e-flex e-con e-child\" data-id=\"6f10bdb\" data-element_type=\"container\" data-e-type=\"container\">\n\t\t\t\t<div class=\"elementor-element elementor-element-f39ba9d elementor-widget__width-initial elementor-widget-mobile__width-inherit elementor-view-default elementor-position-block-start elementor-mobile-position-block-start elementor-invisible elementor-widget elementor-widget-icon-box\" data-id=\"f39ba9d\" data-element_type=\"widget\" data-e-type=\"widget\" data-settings=\"{&quot;_animation&quot;:&quot;fadeInUp&quot;}\" data-widget_type=\"icon-box.default\">\n\t\t\t\t<div class=\"elementor-widget-container\">\n\t\t\t\t\t\t\t<div class=\"elementor-icon-box-wrapper\">\n\n\t\t\t\t\t\t<div class=\"elementor-icon-box-icon\">\n\t\t\t\t<span  class=\"elementor-icon\">\n\t\t\t\t<svg xmlns=\"http:\/\/www.w3.org\/2000\/svg\" viewBox=\"0 0 512 512\"><path d=\"M325.8 152.3c1.3 4.6 5.5 7.7 10.2 7.7s8.9-3.1 10.2-7.7L360 104l48.3-13.8c4.6-1.3 7.7-5.5 7.7-10.2s-3.1-8.9-7.7-10.2L360 56 346.2 7.7C344.9 3.1 340.7 0 336 0s-8.9 3.1-10.2 7.7L312 56 263.7 69.8c-4.6 1.3-7.7 5.5-7.7 10.2s3.1 8.9 7.7 10.2L312 104l13.8 48.3zm-112.4 5.1c-8.8-17.9-34.3-17.9-43.1 0l-46.3 94L20.5 266.5C.9 269.3-7 293.5 7.2 307.4l74.9 73.2L64.5 483.9c-3.4 19.6 17.2 34.6 34.8 25.3l92.6-48.8 92.6 48.8c17.6 9.3 38.2-5.7 34.8-25.3L301.6 380.6l74.9-73.2c14.2-13.9 6.4-38.1-13.3-40.9L259.7 251.4l-46.3-94zm215.4 85.8l11 38.6c1 3.6 4.4 6.2 8.2 6.2s7.1-2.5 8.2-6.2l11-38.6 38.6-11c3.6-1 6.2-4.4 6.2-8.2s-2.5-7.1-6.2-8.2l-38.6-11-11-38.6c-1-3.6-4.4-6.2-8.2-6.2s-7.1 2.5-8.2 6.2l-11 38.6-38.6 11c-3.6 1-6.2 4.4-6.2 8.2s2.5 7.1 6.2 8.2l38.6 11z\"><\/path><\/svg>\t\t\t\t<\/span>\n\t\t\t<\/div>\n\t\t\t\n\t\t\t\t\t\t<div class=\"elementor-icon-box-content\">\n\n\t\t\t\t\t\t\t\t\t<h6 class=\"elementor-icon-box-title\">\n\t\t\t\t\t\t<span  >\n\t\t\t\t\t\t\tHerzlicher Empfang\t\t\t\t\t\t<\/span>\n\t\t\t\t\t<\/h6>\n\t\t\t\t\n\t\t\t\t\t\t\t\t\t<p class=\"elementor-icon-box-description\">\n\t\t\t\t\t\tWir machen es seit 1959 und wir machen das sehr gut!\t\t\t\t\t<\/p>\n\t\t\t\t\n\t\t\t<\/div>\n\t\t\t\n\t\t<\/div>\n\t\t\t\t\t\t<\/div>\n\t\t\t\t<\/div>\n\t\t\t\t<div class=\"elementor-element elementor-element-9bf7f80 elementor-widget__width-initial elementor-widget-mobile__width-inherit elementor-view-default elementor-position-block-start elementor-mobile-position-block-start elementor-invisible elementor-widget elementor-widget-icon-box\" data-id=\"9bf7f80\" data-element_type=\"widget\" data-e-type=\"widget\" data-settings=\"{&quot;_animation&quot;:&quot;fadeInUp&quot;,&quot;_animation_delay&quot;:200}\" data-widget_type=\"icon-box.default\">\n\t\t\t\t<div class=\"elementor-widget-container\">\n\t\t\t\t\t\t\t<div class=\"elementor-icon-box-wrapper\">\n\n\t\t\t\t\t\t<div class=\"elementor-icon-box-icon\">\n\t\t\t\t<span  class=\"elementor-icon\">\n\t\t\t\t<svg xmlns=\"http:\/\/www.w3.org\/2000\/svg\" viewBox=\"0 0 512 512\"><path d=\"M32 80c0-26.5 21.5-48 48-48H432c26.5 0 48 21.5 48 48V209.1c-14.5-8.4-30.7-14-48-16.1c0-.3 0-.7 0-1V160c0-17.7-14.3-32-32-32H304c-17.7 0-32 14.3-32 32v32H240V160c0-17.7-14.3-32-32-32H112c-17.7 0-32 14.3-32 32v32c0 .3 0 .7 0 1c-17.3 2.2-33.6 7.8-48 16.1V80zM0 320c0-53 43-96 96-96H416c53 0 96 43 96 96V448c0 17.7-14.3 32-32 32s-32-14.3-32-32V416H64v32c0 17.7-14.3 32-32 32s-32-14.3-32-32V320z\"><\/path><\/svg>\t\t\t\t<\/span>\n\t\t\t<\/div>\n\t\t\t\n\t\t\t\t\t\t<div class=\"elementor-icon-box-content\">\n\n\t\t\t\t\t\t\t\t\t<h6 class=\"elementor-icon-box-title\">\n\t\t\t\t\t\t<span  >\n\t\t\t\t\t\t\tRenoviertes Hotel und Zimmer\t\t\t\t\t\t<\/span>\n\t\t\t\t\t<\/h6>\n\t\t\t\t\n\t\t\t\t\t\t\t\t\t<p class=\"elementor-icon-box-description\">\n\t\t\t\t\t\tWir machen uns immer sch\u00f6n f\u00fcr Sie\t\t\t\t\t<\/p>\n\t\t\t\t\n\t\t\t<\/div>\n\t\t\t\n\t\t<\/div>\n\t\t\t\t\t\t<\/div>\n\t\t\t\t<\/div>\n\t\t\t\t<div class=\"elementor-element elementor-element-572395a elementor-widget__width-initial elementor-widget-mobile__width-inherit elementor-view-default elementor-position-block-start elementor-mobile-position-block-start elementor-invisible elementor-widget elementor-widget-icon-box\" data-id=\"572395a\" data-element_type=\"widget\" data-e-type=\"widget\" data-settings=\"{&quot;_animation&quot;:&quot;fadeInUp&quot;,&quot;_animation_delay&quot;:400}\" data-widget_type=\"icon-box.default\">\n\t\t\t\t<div class=\"elementor-widget-container\">\n\t\t\t\t\t\t\t<div class=\"elementor-icon-box-wrapper\">\n\n\t\t\t\t\t\t<div class=\"elementor-icon-box-icon\">\n\t\t\t\t<span  class=\"elementor-icon\">\n\t\t\t\t<svg xmlns=\"http:\/\/www.w3.org\/2000\/svg\" viewBox=\"0 0 576 512\"><path d=\"M309.6 158.5L332.7 19.8C334.6 8.4 344.5 0 356.1 0c7.5 0 14.5 3.5 19 9.5L392 32h52.1c12.7 0 24.9 5.1 33.9 14.1L496 64h56c13.3 0 24 10.7 24 24v24c0 44.2-35.8 80-80 80H464 448 426.7l-5.1 30.5-112-64zM416 256.1L416 480c0 17.7-14.3 32-32 32H352c-17.7 0-32-14.3-32-32V364.8c-24 12.3-51.2 19.2-80 19.2s-56-6.9-80-19.2V480c0 17.7-14.3 32-32 32H96c-17.7 0-32-14.3-32-32V249.8c-28.8-10.9-51.4-35.3-59.2-66.5L1 167.8c-4.3-17.1 6.1-34.5 23.3-38.8s34.5 6.1 38.8 23.3l3.9 15.5C70.5 182 83.3 192 98 192h30 16H303.8L416 256.1zM464 80a16 16 0 1 0 -32 0 16 16 0 1 0 32 0z\"><\/path><\/svg>\t\t\t\t<\/span>\n\t\t\t<\/div>\n\t\t\t\n\t\t\t\t\t\t<div class=\"elementor-icon-box-content\">\n\n\t\t\t\t\t\t\t\t\t<h6 class=\"elementor-icon-box-title\">\n\t\t\t\t\t\t<span  >\n\t\t\t\t\t\t\tHaustierfreundlich\t\t\t\t\t\t<\/span>\n\t\t\t\t\t<\/h6>\n\t\t\t\t\n\t\t\t\t\t\t\t\t\t<p class=\"elementor-icon-box-description\">\n\t\t\t\t\t\tWir lieben Tiere und auch sie sind bei uns willkommen (aber nur, wenn sie gut erzogen sind!)\t\t\t\t\t<\/p>\n\t\t\t\t\n\t\t\t<\/div>\n\t\t\t\n\t\t<\/div>\n\t\t\t\t\t\t<\/div>\n\t\t\t\t<\/div>\n\t\t\t\t<div class=\"elementor-element elementor-element-cc20228 elementor-widget__width-initial elementor-widget-mobile__width-inherit elementor-view-default elementor-position-block-start elementor-mobile-position-block-start elementor-invisible elementor-widget elementor-widget-icon-box\" data-id=\"cc20228\" data-element_type=\"widget\" data-e-type=\"widget\" data-settings=\"{&quot;_animation&quot;:&quot;fadeInUp&quot;,&quot;_animation_delay&quot;:600}\" data-widget_type=\"icon-box.default\">\n\t\t\t\t<div class=\"elementor-widget-container\">\n\t\t\t\t\t\t\t<div class=\"elementor-icon-box-wrapper\">\n\n\t\t\t\t\t\t<div class=\"elementor-icon-box-icon\">\n\t\t\t\t<span  class=\"elementor-icon\">\n\t\t\t\t<svg xmlns=\"http:\/\/www.w3.org\/2000\/svg\" viewBox=\"0 0 512 512\"><path d=\"M192 0a48 48 0 1 1 0 96 48 48 0 1 1 0-96zM48 352c0 61.9 50.1 112 112 112c49.9 0 92.3-32.7 106.7-77.8l45.7 14.6C291.8 465.3 231.4 512 160 512C71.6 512 0 440.4 0 352c0-78.3 56.3-143.5 130.6-157.3l8.8 47.2C87.4 251.5 48 297.2 48 352zM153 128h39 32 26.2l5.1 25.7 4.5 22.3H336h32v64H336 272.6l9.6 48H384h22.2l7.8 20.8 37.1 99 10.7-3.6 30.3-10.2 20.5 60.6-30.3 10.2-40 13.5-29.3 9.9-10.9-29L361.8 352H256.6c-.4 0-.8 0-1.3 0H224 197.8l-5.1-25.7-32-160L153 128z\"><\/path><\/svg>\t\t\t\t<\/span>\n\t\t\t<\/div>\n\t\t\t\n\t\t\t\t\t\t<div class=\"elementor-icon-box-content\">\n\n\t\t\t\t\t\t\t\t\t<h6 class=\"elementor-icon-box-title\">\n\t\t\t\t\t\t<span  >\n\t\t\t\t\t\t\tBarrierefreie R\u00e4umlichkeiten\t\t\t\t\t\t<\/span>\n\t\t\t\t\t<\/h6>\n\t\t\t\t\n\t\t\t\t\t\t\t\t\t<p class=\"elementor-icon-box-description\">\n\t\t\t\t\t\tWeil jeder einen einfachen und komfortablen Urlaub verdient\t\t\t\t\t<\/p>\n\t\t\t\t\n\t\t\t<\/div>\n\t\t\t\n\t\t<\/div>\n\t\t\t\t\t\t<\/div>\n\t\t\t\t<\/div>\n\t\t\t\t<\/div>\n\t\t<div class=\"elementor-element elementor-element-3a66497 e-con-full e-flex e-con e-child\" data-id=\"3a66497\" data-element_type=\"container\" data-e-type=\"container\">\n\t\t\t\t<div class=\"elementor-element elementor-element-5c7c9e9 elementor-widget__width-initial elementor-widget-mobile__width-inherit elementor-view-default elementor-position-block-start elementor-mobile-position-block-start elementor-invisible elementor-widget elementor-widget-icon-box\" data-id=\"5c7c9e9\" data-element_type=\"widget\" data-e-type=\"widget\" data-settings=\"{&quot;_animation&quot;:&quot;fadeInUp&quot;}\" data-widget_type=\"icon-box.default\">\n\t\t\t\t<div class=\"elementor-widget-container\">\n\t\t\t\t\t\t\t<div class=\"elementor-icon-box-wrapper\">\n\n\t\t\t\t\t\t<div class=\"elementor-icon-box-icon\">\n\t\t\t\t<span  class=\"elementor-icon\">\n\t\t\t\t<svg xmlns=\"http:\/\/www.w3.org\/2000\/svg\" viewBox=\"0 0 512 512\"><path d=\"M128 0a64 64 0 1 1 0 128A64 64 0 1 1 128 0zM105.6 160h44.8c9.2 0 18.1 1.6 26.4 4.5c-.5 3.8-.8 7.6-.8 11.5c0 24.3 10.9 46.1 28 60.8c-35.7 18.7-60 56.1-60 99.2v16c0 28.4 12.4 54 32 71.6V480c0 6.1 .8 11.9 2.4 17.5c-8.7 9-20.9 14.5-34.4 14.5H112c-26.5 0-48-21.5-48-48V348.3c-26.5-9.5-44.7-35.8-42.2-65.6l4.1-49.3C29.3 191.9 64 160 105.6 160zM368 512c-13.5 0-25.7-5.6-34.4-14.5c1.6-5.6 2.4-11.4 2.4-17.5V423.6c19.6-17.6 32-43.1 32-71.6V336c0-43.1-24.3-80.5-60-99.2c17.1-14.7 28-36.5 28-60.8c0-2.4-.1-4.7-.3-7.1c9.6-5.7 20.8-8.9 32.6-8.9h31.4c28.6 0 53.7 18.9 61.5 46.4l39.1 136.8c5.8 20.4-9.5 40.8-30.8 40.8H448v80c0 26.5-21.5 48-48 48H368zM384 0a64 64 0 1 1 0 128A64 64 0 1 1 384 0zM256 128a48 48 0 1 1 0 96 48 48 0 1 1 0-96zm0 128c44.2 0 80 35.8 80 80v16c0 23.7-12.9 44.4-32 55.4V480c0 17.7-14.3 32-32 32H240c-17.7 0-32-14.3-32-32V407.4c-19.1-11.1-32-31.7-32-55.4V336c0-44.2 35.8-80 80-80z\"><\/path><\/svg>\t\t\t\t<\/span>\n\t\t\t<\/div>\n\t\t\t\n\t\t\t\t\t\t<div class=\"elementor-icon-box-content\">\n\n\t\t\t\t\t\t\t\t\t<h6 class=\"elementor-icon-box-title\">\n\t\t\t\t\t\t<span  >\n\t\t\t\t\t\t\tService f\u00fcr Familien und Paare\t\t\t\t\t\t<\/span>\n\t\t\t\t\t<\/h6>\n\t\t\t\t\n\t\t\t\t\t\t\t\t\t<p class=\"elementor-icon-box-description\">\n\t\t\t\t\t\tF\u00fcr jedes Bed\u00fcrfnis eine L\u00f6sung!\t\t\t\t\t<\/p>\n\t\t\t\t\n\t\t\t<\/div>\n\t\t\t\n\t\t<\/div>\n\t\t\t\t\t\t<\/div>\n\t\t\t\t<\/div>\n\t\t\t\t<div class=\"elementor-element elementor-element-a7994f8 elementor-widget__width-initial elementor-widget-mobile__width-inherit elementor-view-default elementor-position-block-start elementor-mobile-position-block-start elementor-invisible elementor-widget elementor-widget-icon-box\" data-id=\"a7994f8\" data-element_type=\"widget\" data-e-type=\"widget\" data-settings=\"{&quot;_animation&quot;:&quot;fadeInUp&quot;,&quot;_animation_delay&quot;:200}\" data-widget_type=\"icon-box.default\">\n\t\t\t\t<div class=\"elementor-widget-container\">\n\t\t\t\t\t\t\t<div class=\"elementor-icon-box-wrapper\">\n\n\t\t\t\t\t\t<div class=\"elementor-icon-box-icon\">\n\t\t\t\t<span  class=\"elementor-icon\">\n\t\t\t\t<svg xmlns=\"http:\/\/www.w3.org\/2000\/svg\" viewBox=\"0 0 640 512\"><path d=\"M343.8 8.8c-14.8-8.4-32.9-8.4-47.6 0L24.1 164.2C8.8 173 3.5 192.5 12.2 207.9s28.3 20.7 43.7 11.9L320 68.9 584.1 219.8c15.3 8.8 34.9 3.4 43.7-11.9s3.4-34.9-11.9-43.7L343.8 8.8zM249.8 224H390.2c6.8 0 12.8 4.3 15.1 10.6L424.3 288H215.7l19.1-53.4c2.3-6.4 8.3-10.6 15.1-10.6zm-75.3-10.9l-28.3 79.3C126.1 300.9 112 320.8 112 344v40 64 32c0 17.7 14.3 32 32 32h16c17.7 0 32-14.3 32-32V448H448v32c0 17.7 14.3 32 32 32h16c17.7 0 32-14.3 32-32V448 384 344c0-23.2-14.1-43.1-34.2-51.6l-28.3-79.3C454.1 181.3 424 160 390.2 160H249.8c-33.8 0-64 21.3-75.3 53.1zM192 344a24 24 0 1 1 0 48 24 24 0 1 1 0-48zm232 24a24 24 0 1 1 48 0 24 24 0 1 1 -48 0z\"><\/path><\/svg>\t\t\t\t<\/span>\n\t\t\t<\/div>\n\t\t\t\n\t\t\t\t\t\t<div class=\"elementor-icon-box-content\">\n\n\t\t\t\t\t\t\t\t\t<h6 class=\"elementor-icon-box-title\">\n\t\t\t\t\t\t<span  >\n\t\t\t\t\t\t\tTiefgarage\t\t\t\t\t\t<\/span>\n\t\t\t\t\t<\/h6>\n\t\t\t\t\n\t\t\t\t\t\t\t\t\t<p class=\"elementor-icon-box-description\">\n\t\t\t\t\t\tWir parken Ihr Auto sicher unter dem Hotel \t\t\t\t\t<\/p>\n\t\t\t\t\n\t\t\t<\/div>\n\t\t\t\n\t\t<\/div>\n\t\t\t\t\t\t<\/div>\n\t\t\t\t<\/div>\n\t\t\t\t<div class=\"elementor-element elementor-element-ba529e8 elementor-widget__width-initial elementor-widget-mobile__width-inherit elementor-view-default elementor-position-block-start elementor-mobile-position-block-start elementor-invisible elementor-widget elementor-widget-icon-box\" data-id=\"ba529e8\" data-element_type=\"widget\" data-e-type=\"widget\" data-settings=\"{&quot;_animation&quot;:&quot;fadeInUp&quot;,&quot;_animation_delay&quot;:400}\" data-widget_type=\"icon-box.default\">\n\t\t\t\t<div class=\"elementor-widget-container\">\n\t\t\t\t\t\t\t<div class=\"elementor-icon-box-wrapper\">\n\n\t\t\t\t\t\t<div class=\"elementor-icon-box-icon\">\n\t\t\t\t<span  class=\"elementor-icon\">\n\t\t\t\t<svg xmlns=\"http:\/\/www.w3.org\/2000\/svg\" viewBox=\"0 0 576 512\"><path d=\"M167.2 117.4c4.5-12.8 16.6-21.4 30.2-21.4H378.6c13.6 0 25.7 8.6 30.2 21.4L434.9 192H141.1l26.1-74.6zM32 224h8.6c-5.4 9.4-8.6 20.3-8.6 32V400v48c0 17.7 14.3 32 32 32H96c17.7 0 32-14.3 32-32V400H448v48c0 17.7 14.3 32 32 32h32c17.7 0 32-14.3 32-32V400 256c0-11.7-3.1-22.6-8.6-32H544c17.7 0 32-14.3 32-32s-14.3-32-32-32H491.5L469.2 96.3C455.7 57.8 419.4 32 378.6 32H197.4c-40.8 0-77.1 25.8-90.6 64.3L84.5 160H32c-17.7 0-32 14.3-32 32s14.3 32 32 32zm64 64a32 32 0 1 1 64 0 32 32 0 1 1 -64 0zm352-32a32 32 0 1 1 0 64 32 32 0 1 1 0-64z\"><\/path><\/svg>\t\t\t\t<\/span>\n\t\t\t<\/div>\n\t\t\t\n\t\t\t\t\t\t<div class=\"elementor-icon-box-content\">\n\n\t\t\t\t\t\t\t\t\t<h6 class=\"elementor-icon-box-title\">\n\t\t\t\t\t\t<span  >\n\t\t\t\t\t\t\tSicheres Parken im Freien\t\t\t\t\t\t<\/span>\n\t\t\t\t\t<\/h6>\n\t\t\t\t\n\t\t\t\t\t\t\t\t\t<p class=\"elementor-icon-box-description\">\n\t\t\t\t\t\tGarage nur 5 Gehminuten entfernt\t\t\t\t\t<\/p>\n\t\t\t\t\n\t\t\t<\/div>\n\t\t\t\n\t\t<\/div>\n\t\t\t\t\t\t<\/div>\n\t\t\t\t<\/div>\n\t\t\t\t<div class=\"elementor-element elementor-element-ea8767e elementor-widget__width-initial elementor-widget-mobile__width-inherit elementor-view-default elementor-position-block-start elementor-mobile-position-block-start elementor-invisible elementor-widget elementor-widget-icon-box\" data-id=\"ea8767e\" data-element_type=\"widget\" data-e-type=\"widget\" data-settings=\"{&quot;_animation&quot;:&quot;fadeInUp&quot;,&quot;_animation_delay&quot;:600}\" data-widget_type=\"icon-box.default\">\n\t\t\t\t<div class=\"elementor-widget-container\">\n\t\t\t\t\t\t\t<div class=\"elementor-icon-box-wrapper\">\n\n\t\t\t\t\t\t<div class=\"elementor-icon-box-icon\">\n\t\t\t\t<span  class=\"elementor-icon\">\n\t\t\t\t<svg xmlns=\"http:\/\/www.w3.org\/2000\/svg\" viewBox=\"0 0 576 512\"><path d=\"M346.3 271.8l-60.1-21.9L214 448H32c-17.7 0-32 14.3-32 32s14.3 32 32 32H544c17.7 0 32-14.3 32-32s-14.3-32-32-32H282.1l64.1-176.2zm121.1-.2l-3.3 9.1 67.7 24.6c18.1 6.6 38-4.2 39.6-23.4c6.5-78.5-23.9-155.5-80.8-208.5c2 8 3.2 16.3 3.4 24.8l.2 6c1.8 57-7.3 113.8-26.8 167.4zM462 99.1c-1.1-34.4-22.5-64.8-54.4-77.4c-.9-.4-1.9-.7-2.8-1.1c-33-11.7-69.8-2.4-93.1 23.8l-4 4.5C272.4 88.3 245 134.2 226.8 184l-3.3 9.1L434 269.7l3.3-9.1c18.1-49.8 26.6-102.5 24.9-155.5l-.2-6zM107.2 112.9c-11.1 15.7-2.8 36.8 15.3 43.4l71 25.8 3.3-9.1c19.5-53.6 49.1-103 87.1-145.5l4-4.5c6.2-6.9 13.1-13 20.5-18.2c-79.6 2.5-154.7 42.2-201.2 108z\"><\/path><\/svg>\t\t\t\t<\/span>\n\t\t\t<\/div>\n\t\t\t\n\t\t\t\t\t\t<div class=\"elementor-icon-box-content\">\n\n\t\t\t\t\t\t\t\t\t<h6 class=\"elementor-icon-box-title\">\n\t\t\t\t\t\t<span  >\n\t\t\t\t\t\t\tStrand in Kooperation\t\t\t\t\t\t<\/span>\n\t\t\t\t\t<\/h6>\n\t\t\t\t\n\t\t\t\t\t\t\t\t\t<p class=\"elementor-icon-box-description\">\n\t\t\t\t\t\tLiegen und Sonnenschirme im Preis inbegriffen!\t\t\t\t\t<\/p>\n\t\t\t\t\n\t\t\t<\/div>\n\t\t\t\n\t\t<\/div>\n\t\t\t\t\t\t<\/div>\n\t\t\t\t<\/div>\n\t\t\t\t<\/div>\n\t\t<div class=\"elementor-element elementor-element-b9a9f72 e-con-full e-flex e-con e-child\" data-id=\"b9a9f72\" data-element_type=\"container\" data-e-type=\"container\">\n\t\t\t\t<div class=\"elementor-element elementor-element-8ed6008 elementor-widget__width-initial elementor-widget-mobile__width-inherit elementor-view-default elementor-position-block-start elementor-mobile-position-block-start elementor-invisible elementor-widget elementor-widget-icon-box\" data-id=\"8ed6008\" data-element_type=\"widget\" data-e-type=\"widget\" data-settings=\"{&quot;_animation&quot;:&quot;fadeInUp&quot;}\" data-widget_type=\"icon-box.default\">\n\t\t\t\t<div class=\"elementor-widget-container\">\n\t\t\t\t\t\t\t<div class=\"elementor-icon-box-wrapper\">\n\n\t\t\t\t\t\t<div class=\"elementor-icon-box-icon\">\n\t\t\t\t<span  class=\"elementor-icon\">\n\t\t\t\t<svg xmlns=\"http:\/\/www.w3.org\/2000\/svg\" viewBox=\"0 0 576 512\"><path d=\"M432 240c53 0 96-43 96-96s-43-96-96-96c-35.5 0-66.6 19.3-83.2 48H296.2C316 40.1 369.3 0 432 0c79.5 0 144 64.5 144 144s-64.5 144-144 144c-27.7 0-53.5-7.8-75.5-21.3l35.4-35.4c12.2 5.6 25.8 8.7 40.1 8.7zM1.8 142.8C5.5 133.8 14.3 128 24 128H392c9.7 0 18.5 5.8 22.2 14.8s1.7 19.3-5.2 26.2l-177 177V464h64c13.3 0 24 10.7 24 24s-10.7 24-24 24H208 120c-13.3 0-24-10.7-24-24s10.7-24 24-24h64V345.9L7 169c-6.9-6.9-8.9-17.2-5.2-26.2z\"><\/path><\/svg>\t\t\t\t<\/span>\n\t\t\t<\/div>\n\t\t\t\n\t\t\t\t\t\t<div class=\"elementor-icon-box-content\">\n\n\t\t\t\t\t\t\t\t\t<h6 class=\"elementor-icon-box-title\">\n\t\t\t\t\t\t<span  >\n\t\t\t\t\t\t\tVeranstaltungen und Unterhaltung\t\t\t\t\t\t<\/span>\n\t\t\t\t\t<\/h6>\n\t\t\t\t\n\t\t\t\t\t\t\t\t\t<p class=\"elementor-icon-box-description\">\n\t\t\t\t\t\tDas Rooftop wird zum coolsten Ort in Gabicce\t\t\t\t\t<\/p>\n\t\t\t\t\n\t\t\t<\/div>\n\t\t\t\n\t\t<\/div>\n\t\t\t\t\t\t<\/div>\n\t\t\t\t<\/div>\n\t\t\t\t<div class=\"elementor-element elementor-element-a92a653 elementor-widget__width-initial elementor-widget-mobile__width-inherit elementor-view-default elementor-position-block-start elementor-mobile-position-block-start elementor-invisible elementor-widget elementor-widget-icon-box\" data-id=\"a92a653\" data-element_type=\"widget\" data-e-type=\"widget\" data-settings=\"{&quot;_animation&quot;:&quot;fadeInUp&quot;,&quot;_animation_delay&quot;:200}\" data-widget_type=\"icon-box.default\">\n\t\t\t\t<div class=\"elementor-widget-container\">\n\t\t\t\t\t\t\t<div class=\"elementor-icon-box-wrapper\">\n\n\t\t\t\t\t\t<div class=\"elementor-icon-box-icon\">\n\t\t\t\t<span  class=\"elementor-icon\">\n\t\t\t\t<svg xmlns=\"http:\/\/www.w3.org\/2000\/svg\" viewBox=\"0 0 512 512\"><path d=\"M176 56V96H336V56c0-4.4-3.6-8-8-8H184c-4.4 0-8 3.6-8 8zM128 96V56c0-30.9 25.1-56 56-56H328c30.9 0 56 25.1 56 56V96v32V480H128V128 96zM64 96H96V480H64c-35.3 0-64-28.7-64-64V160c0-35.3 28.7-64 64-64zM448 480H416V96h32c35.3 0 64 28.7 64 64V416c0 35.3-28.7 64-64 64z\"><\/path><\/svg>\t\t\t\t<\/span>\n\t\t\t<\/div>\n\t\t\t\n\t\t\t\t\t\t<div class=\"elementor-icon-box-content\">\n\n\t\t\t\t\t\t\t\t\t<h6 class=\"elementor-icon-box-title\">\n\t\t\t\t\t\t<span  >\n\t\t\t\t\t\t\tGep\u00e4ckaufbewahrung\t\t\t\t\t\t<\/span>\n\t\t\t\t\t<\/h6>\n\t\t\t\t\n\t\t\t\t\t\t\t\t\t<p class=\"elementor-icon-box-description\">\n\t\t\t\t\t\tDamit Sie sich frei und ungehindert bewegen k\u00f6nnen.\t\t\t\t\t<\/p>\n\t\t\t\t\n\t\t\t<\/div>\n\t\t\t\n\t\t<\/div>\n\t\t\t\t\t\t<\/div>\n\t\t\t\t<\/div>\n\t\t\t\t<div class=\"elementor-element elementor-element-94e6f76 elementor-widget__width-initial elementor-widget-mobile__width-inherit elementor-view-default elementor-position-block-start elementor-mobile-position-block-start elementor-invisible elementor-widget elementor-widget-icon-box\" data-id=\"94e6f76\" data-element_type=\"widget\" data-e-type=\"widget\" data-settings=\"{&quot;_animation&quot;:&quot;fadeInUp&quot;,&quot;_animation_delay&quot;:400}\" data-widget_type=\"icon-box.default\">\n\t\t\t\t<div class=\"elementor-widget-container\">\n\t\t\t\t\t\t\t<div class=\"elementor-icon-box-wrapper\">\n\n\t\t\t\t\t\t<div class=\"elementor-icon-box-icon\">\n\t\t\t\t<span  class=\"elementor-icon\">\n\t\t\t\t<svg xmlns=\"http:\/\/www.w3.org\/2000\/svg\" viewBox=\"0 0 448 512\"><path d=\"M0 64C0 28.7 28.7 0 64 0H384c35.3 0 64 28.7 64 64V448c0 35.3-28.7 64-64 64H64c-35.3 0-64-28.7-64-64V64zM368 304A144 144 0 1 0 80 304a144 144 0 1 0 288 0zM88 112a24 24 0 1 0 0-48 24 24 0 1 0 0 48zM208 88a24 24 0 1 0 -48 0 24 24 0 1 0 48 0zm16 328c-61.9 0-112-50.1-112-112c0-16.5 3.6-32.2 10-46.3c7.4-1.1 14.8-1.7 22-1.7c32 0 56 16 80 32s48 32 80 32c10.9 0 21.4-.9 31.2-2.5C328.5 373 281.3 416 224 416z\"><\/path><\/svg>\t\t\t\t<\/span>\n\t\t\t<\/div>\n\t\t\t\n\t\t\t\t\t\t<div class=\"elementor-icon-box-content\">\n\n\t\t\t\t\t\t\t\t\t<h6 class=\"elementor-icon-box-title\">\n\t\t\t\t\t\t<span  >\n\t\t\t\t\t\t\tWaschmaschine und Trockner\t\t\t\t\t\t<\/span>\n\t\t\t\t\t<\/h6>\n\t\t\t\t\n\t\t\t\t\t\t\t\t\t<p class=\"elementor-icon-box-description\">\n\t\t\t\t\t\tKaum ist man Zuhause, schon muss man (keine) W\u00e4sche waschen\t\t\t\t\t<\/p>\n\t\t\t\t\n\t\t\t<\/div>\n\t\t\t\n\t\t<\/div>\n\t\t\t\t\t\t<\/div>\n\t\t\t\t<\/div>\n\t\t\t\t<div class=\"elementor-element elementor-element-38dcbc0 elementor-widget__width-initial elementor-widget-mobile__width-inherit elementor-view-default elementor-position-block-start elementor-mobile-position-block-start elementor-invisible elementor-widget elementor-widget-icon-box\" data-id=\"38dcbc0\" data-element_type=\"widget\" data-e-type=\"widget\" data-settings=\"{&quot;_animation&quot;:&quot;fadeInUp&quot;,&quot;_animation_delay&quot;:600}\" data-widget_type=\"icon-box.default\">\n\t\t\t\t<div class=\"elementor-widget-container\">\n\t\t\t\t\t\t\t<div class=\"elementor-icon-box-wrapper\">\n\n\t\t\t\t\t\t<div class=\"elementor-icon-box-icon\">\n\t\t\t\t<span  class=\"elementor-icon\">\n\t\t\t\t<svg xmlns=\"http:\/\/www.w3.org\/2000\/svg\" viewBox=\"0 0 512 512\"><path d=\"M96 44v84c0 70.7 57.3 128 128 128V394.8C192.1 349.5 139.5 320 80 320H29.5C13.2 320 0 333.2 0 349.5C0 439.3 72.7 512 162.5 512H224h32 32 61.5C439.3 512 512 439.3 512 349.5c0-16.3-13.2-29.5-29.5-29.5H432c-59.5 0-112.1 29.5-144 74.8V256c70.7 0 128-57.3 128-128V44c0-6.6-5.4-12-12-12c-2.6 0-5.1 .8-7.2 2.4L336 80 268.8 5.3c-3-3.4-7.4-5.3-11.9-5.3h-1.7c-4.5 0-8.9 1.9-11.9 5.3L176 80 115.2 34.4c-2.1-1.6-4.6-2.4-7.2-2.4c-6.6 0-12 5.4-12 12z\"><\/path><\/svg>\t\t\t\t<\/span>\n\t\t\t<\/div>\n\t\t\t\n\t\t\t\t\t\t<div class=\"elementor-icon-box-content\">\n\n\t\t\t\t\t\t\t\t\t<h6 class=\"elementor-icon-box-title\">\n\t\t\t\t\t\t<span  >\n\t\t\t\t\t\t\tD\u00fcfte zum Riechen und Kaufen\t\t\t\t\t\t<\/span>\n\t\t\t\t\t<\/h6>\n\t\t\t\t\n\t\t\t\t\t\t\t\t\t<p class=\"elementor-icon-box-description\">\n\t\t\t\t\t\tGut riechen im Urlaub und dann mitnehmen\t\t\t\t\t<\/p>\n\t\t\t\t\n\t\t\t<\/div>\n\t\t\t\n\t\t<\/div>\n\t\t\t\t\t\t<\/div>\n\t\t\t\t<\/div>\n\t\t\t\t<\/div>\n\t\t\t\t\t<\/div>\n\t\t\t\t<\/div>\n\t\t\t\t<\/div>\n\t\t","protected":false},"excerpt":{"rendered":"<p>Dienstleistungen .. weil wir Sie gerne verw\u00f6hnen! Es w\u00e4re vermessen zu behaupten, dass es hier an nichts fehlt, aber wir geben jeden Tag unser Bestes, um Ihnen einen komfortablen und besonderen Service zu bieten, der Ihren Urlaub am Meer zu einem unvergesslichen Erlebnis macht. Im Folgenden finden Sie einige der Verw\u00f6hnangebote, die wir f\u00fcr unsere [&hellip;]<\/p>\n","protected":false},"author":2,"featured_media":0,"parent":0,"menu_order":0,"comment_status":"closed","ping_status":"closed","template":"","meta":{"_acf_changed":false,"footnotes":""},"class_list":["post-3266","page","type-page","status-publish","hentry"],"acf":[],"_links":{"self":[{"href":"https:\/\/www.majorcagabicce.com\/de\/wp-json\/wp\/v2\/pages\/3266","targetHints":{"allow":["GET"]}}],"collection":[{"href":"https:\/\/www.majorcagabicce.com\/de\/wp-json\/wp\/v2\/pages"}],"about":[{"href":"https:\/\/www.majorcagabicce.com\/de\/wp-json\/wp\/v2\/types\/page"}],"author":[{"embeddable":true,"href":"https:\/\/www.majorcagabicce.com\/de\/wp-json\/wp\/v2\/users\/2"}],"replies":[{"embeddable":true,"href":"https:\/\/www.majorcagabicce.com\/de\/wp-json\/wp\/v2\/comments?post=3266"}],"version-history":[{"count":3,"href":"https:\/\/www.majorcagabicce.com\/de\/wp-json\/wp\/v2\/pages\/3266\/revisions"}],"predecessor-version":[{"id":4652,"href":"https:\/\/www.majorcagabicce.com\/de\/wp-json\/wp\/v2\/pages\/3266\/revisions\/4652"}],"wp:attachment":[{"href":"https:\/\/www.majorcagabicce.com\/de\/wp-json\/wp\/v2\/media?parent=3266"}],"curies":[{"name":"wp","href":"https:\/\/api.w.org\/{rel}","templated":true}]}}